{"id":95,"date":"2025-08-13T13:06:43","date_gmt":"2025-08-13T11:06:43","guid":{"rendered":"https:\/\/7telcompany.pl\/?page_id=95"},"modified":"2025-08-13T18:24:35","modified_gmt":"2025-08-13T16:24:35","slug":"home","status":"publish","type":"page","link":"https:\/\/7telcompany.pl\/","title":{"rendered":"Strona G\u0142\u00f3wna"},"content":{"rendered":"\t\t<div data-elementor-type=\"wp-page\" data-elementor-id=\"95\" class=\"elementor elementor-95\">\n\t\t\t\t<div class=\"elementor-element elementor-element-594db810 e-con-full e-flex e-con e-parent\" data-id=\"594db810\" data-element_type=\"container\">\n\t\t\t\t<div class=\"elementor-element elementor-element-218254a7 elementor-widget elementor-widget-flex-hero\" data-id=\"218254a7\" data-element_type=\"widget\" data-settings=\"{&quot;layout_column_structure&quot;:&quot;33-66&quot;,&quot;image_shape&quot;:&quot;round&quot;,&quot;layout_preset&quot;:&quot;showcase&quot;,&quot;layout_image_position&quot;:&quot;end&quot;,&quot;primary_button_shape&quot;:&quot;default&quot;,&quot;box_shape&quot;:&quot;sharp&quot;}\" data-widget_type=\"flex-hero.default\">\n\t\t\t\t<div class=\"elementor-widget-container\">\n\t\t\t\t\t\t\t<div class=\"has-shape-sharp shape-type-box has-column-structure-33-66  ehp-flex-hero has-layout-preset-showcase has-image-position-end\">\n\t\t\t\t\t\t<div class=\"ehp-flex-hero__overlay\"><\/div>\n\t\t\t<div class=\"ehp-flex-hero__content-container\">\n\t\t\t\t<h4 class=\"ehp-flex-hero__heading\"><strong>Wspieramy Sprzeda\u017c<\/strong><\/h4><div class=\"ehp-flex-hero__subheading\">W 7TEL COMPANY \u0142\u0105czymy innowacj\u0119 i profesjonalizm, aby wspiera\u0107 firmy telekomunikacyjne w osi\u0105ganiu sukces\u00f3w sprzeda\u017cowych i budowaniu trwa\u0142ych relacji z klientami. Nasze strategie, szkolenia i analizy rynku zwi\u0119kszaj\u0105 efektywno\u015b\u0107 i daj\u0105 przewag\u0119 konkurencyjn\u0105. Do\u0142\u0105cz do nas \u2013 jako partner lub ambitny handlowiec \u2013 i tw\u00f3rzmy razem przysz\u0142o\u015b\u0107 bran\u017cy!<\/div>\t\t\t<div class=\"ehp-flex-hero__ctas-container\">\n\t\t\t\t\t\t\t\t\t\t\t<\/div>\n\t\t\t\t\t<\/div>\n\t\t\t\t<div class=\"ehp-flex-hero__image-wrapper\">\n\t\t\t\t\t<div class=\"ehp-image ehp-flex-hero__image-container\">\n\t\t\t\t<img decoding=\"async\" class=\"ehp-image__img ehp-flex-hero__img has-shape-round shape-type-image\" src=\"https:\/\/7telcompany.pl\/wp-content\/uploads\/2025\/08\/hero-horizontal.jpg\" title=\"hero-horizontal.jpg\" alt=\"hero-horizontal.jpg\" loading=\"lazy\" \/>\t\t\t<\/div>\n\t\t\t\t\t<\/div>\n\t\t\t\t<\/div>\n\t\t\t\t\t\t<\/div>\n\t\t\t\t<\/div>\n\t\t\t\t<\/div>\n\t\t<div class=\"elementor-element elementor-element-7771f0 e-flex e-con-boxed e-con e-parent\" data-id=\"7771f0\" data-element_type=\"container\" id=\"about\" data-settings=\"{&quot;background_background&quot;:&quot;classic&quot;}\">\n\t\t\t\t\t<div class=\"e-con-inner\">\n\t\t<div class=\"elementor-element elementor-element-31180bc6 e-con-full e-flex e-con e-child\" data-id=\"31180bc6\" data-element_type=\"container\">\n\t\t\t\t<div class=\"elementor-element elementor-element-5ead7215 elementor-widget elementor-widget-cta\" data-id=\"5ead7215\" data-element_type=\"widget\" data-settings=\"{&quot;layout_preset&quot;:&quot;showcase&quot;,&quot;content_position_vertical&quot;:&quot;center&quot;,&quot;image_shape&quot;:&quot;custom&quot;,&quot;primary_button_shape&quot;:&quot;round&quot;,&quot;layout_column_structure&quot;:&quot;33-66&quot;,&quot;image_horizontal_position&quot;:&quot;start&quot;,&quot;image_horizontal_position_tablet&quot;:&quot;start&quot;,&quot;image_horizontal_position_mobile&quot;:&quot;start&quot;,&quot;content_position_vertical_tablet&quot;:&quot;start&quot;,&quot;content_position_vertical_mobile&quot;:&quot;start&quot;,&quot;box_shape&quot;:&quot;sharp&quot;}\" data-widget_type=\"cta.default\">\n\t\t\t\t<div class=\"elementor-widget-container\">\n\t\t\t\t\t\t\t<div class=\"has-shape-sharp shape-type-box ehp-cta has-preset-showcase\">\n\t\t\t<div class=\"ehp-cta__overlay\"><\/div>\n\t\t\t<div class=\"has-column-structure-33-66  ehp-cta__elements-container has-image-position-start has-image-position-md-start has-image-position-sm-start\">\n\t\t\t\t\t\t\t<div class=\"ehp-image ehp-cta__image-container\">\n\t\t\t\t<img decoding=\"async\" class=\"ehp-image__img ehp-cta__img has-shape-custom shape-type-image\" src=\"https:\/\/7telcompany.pl\/wp-content\/uploads\/2025\/08\/Intro-Home-page-new.png\" title=\"Intro-Home-page-new.png\" alt=\"Intro-Home-page-new.png\" loading=\"lazy\" \/>\t\t\t<\/div>\n\t\t\t\t\t<div class=\"ehp-cta__text-container\">\n\t\t\t<h2 class=\"ehp-cta__heading\"><strong>Outsourcing sprzeda\u017cy<\/strong><\/h2><div class=\"ehp-cta__description\"><p dir=\"ltr\" data-pm-slice=\"1 1 [&quot;bulletList&quot;,{&quot;tight&quot;:true,&quot;dir&quot;:&quot;ltr&quot;},&quot;listItem&quot;,{}]\">Przejmujemy procesy sprzeda\u017cy, zapewniaj\u0105c profesjonalne podej\u015bcie i maksymalizacj\u0119 wynik\u00f3w.<\/p><p dir=\"ltr\" data-pm-slice=\"1 1 [&quot;bulletList&quot;,{&quot;tight&quot;:true,&quot;dir&quot;:&quot;ltr&quot;},&quot;listItem&quot;,{}]\"><strong>Doradztwo w obs\u0142udze klienta<\/strong>: Pomagamy projektowa\u0107 procesy obs\u0142ugi, kt\u00f3re podnosz\u0105 satysfakcj\u0119 klient\u00f3w i buduj\u0105 ich lojalno\u015b\u0107.<\/p><span>Praktyczne warsztaty, kt\u00f3re podnosz\u0105 kompetencje w zakresie negocjacji, technik sprzeda\u017cy i budowania relacji z klientami.<\/span><br><\/div>\t\t\t<div class=\"ehp-cta__ctas-container\">\n\t\t\t\t<div class=\"ehp-cta__buttons-wrapper\">\n\t\t\t\t\t\t\t\t\t\t\t\t\t\t<\/div>\n\t\t\t<\/div>\n\t\t\t\t<\/div>\n\t\t\t\t\t<\/div>\n\t\t<\/div>\n\t\t\t\t\t\t<\/div>\n\t\t\t\t<\/div>\n\t\t\t\t<\/div>\n\t\t\t\t\t<\/div>\n\t\t\t\t<\/div>\n\t\t<div class=\"elementor-element elementor-element-c412307 e-flex e-con-boxed e-con e-parent\" data-id=\"c412307\" data-element_type=\"container\" data-settings=\"{&quot;background_background&quot;:&quot;gradient&quot;,&quot;shape_divider_top&quot;:&quot;waves&quot;}\">\n\t\t\t\t\t<div class=\"e-con-inner\">\n\t\t\t\t<div class=\"elementor-shape elementor-shape-top\" aria-hidden=\"true\" data-negative=\"false\">\n\t\t\t<svg xmlns=\"http:\/\/www.w3.org\/2000\/svg\" viewBox=\"0 0 1000 100\" preserveAspectRatio=\"none\">\n\t<path class=\"elementor-shape-fill\" d=\"M421.9,6.5c22.6-2.5,51.5,0.4,75.5,5.3c23.6,4.9,70.9,23.5,100.5,35.7c75.8,32.2,133.7,44.5,192.6,49.7\n\tc23.6,2.1,48.7,3.5,103.4-2.5c54.7-6,106.2-25.6,106.2-25.6V0H0v30.3c0,0,72,32.6,158.4,30.5c39.2-0.7,92.8-6.7,134-22.4\n\tc21.2-8.1,52.2-18.2,79.7-24.2C399.3,7.9,411.6,7.5,421.9,6.5z\"\/>\n<\/svg>\t\t<\/div>\n\t\t<div class=\"elementor-element elementor-element-4d2a45b0 e-con-full e-flex e-con e-child\" data-id=\"4d2a45b0\" data-element_type=\"container\">\n\t\t\t\t<div class=\"elementor-element elementor-element-6b22326 elementor-widget elementor-widget-cta\" data-id=\"6b22326\" data-element_type=\"widget\" data-settings=\"{&quot;primary_button_shape&quot;:&quot;round&quot;,&quot;layout_preset&quot;:&quot;focus&quot;,&quot;cta_vertical_position&quot;:&quot;start&quot;,&quot;box_shape&quot;:&quot;sharp&quot;}\" data-widget_type=\"cta.default\">\n\t\t\t\t<div class=\"elementor-widget-container\">\n\t\t\t\t\t\t\t<div class=\"has-shape-sharp shape-type-box ehp-cta has-preset-focus\">\n\t\t\t<div class=\"ehp-cta__overlay\"><\/div>\n\t\t\t<div class=\"ehp-cta__elements-container\">\n\t\t\t\t\t\t<div class=\"ehp-cta__text-container\">\n\t\t\t<h2 class=\"ehp-cta__heading\">Napisz do nas<\/h2><p class=\"ehp-cta__description\">Do\u0142\u0105cz do naszego zespo\u0142u<\/p>\t\t<\/div>\n\t\t\t\t\t<div class=\"ehp-cta__ctas-container\">\n\t\t\t\t<div class=\"ehp-cta__buttons-wrapper\">\n\t\t\t\t\t\t\t<a class=\"has-shape-round shape-type-button ehp-button ehp-button--primary ehp-cta__button ehp-cta__button--primary is-type-button\" href=\"https:\/\/library.elementor.com\/marketing-digital-agency-hp\/contact-us\/\">\n\t\t\t<svg aria-hidden=\"true\" class=\"ehp-button__icon e-font-icon-svg e-fas-arrow-right\" 0=\"ehp-cta__button-icon\" viewBox=\"0 0 448 512\" xmlns=\"http:\/\/www.w3.org\/2000\/svg\"><path d=\"M190.5 66.9l22.2-22.2c9.4-9.4 24.6-9.4 33.9 0L441 239c9.4 9.4 9.4 24.6 0 33.9L246.6 467.3c-9.4 9.4-24.6 9.4-33.9 0l-22.2-22.2c-9.5-9.5-9.3-25 .4-34.3L311.4 296H24c-13.3 0-24-10.7-24-24v-32c0-13.3 10.7-24 24-24h287.4L190.9 101.2c-9.8-9.3-10-24.8-.4-34.3z\"><\/path><\/svg>\t\t<span class=\"ehp-button__text ehp-cta__button-text ehp-cta__button-text--primary\">\n\t\t\tKontakt\t\t\t\t<\/a>\n\t\t\t\t\t\t\t\t\t\t\t<\/div>\n\t\t\t<\/div>\n\t\t\t\t\t<\/div>\n\t\t<\/div>\n\t\t\t\t\t\t<\/div>\n\t\t\t\t<\/div>\n\t\t\t\t<\/div>\n\t\t<div class=\"elementor-element elementor-element-6102bd61 e-con-full e-flex e-con e-child\" data-id=\"6102bd61\" data-element_type=\"container\">\n\t\t\t\t<div class=\"elementor-element elementor-element-7066f789 elementor-widget elementor-widget-image\" data-id=\"7066f789\" data-element_type=\"widget\" data-widget_type=\"image.default\">\n\t\t\t\t\t\t\t\t\t\t\t\t\t\t\t<img fetchpriority=\"high\" decoding=\"async\" width=\"539\" height=\"539\" src=\"http:\/\/7telcompany.pl\/wp-content\/uploads\/2025\/08\/CTA-Home-page-New.png\" class=\"attachment-full size-full wp-image-118\" alt=\"\" srcset=\"http:\/\/7telcompany.pl\/wp-content\/uploads\/2025\/08\/CTA-Home-page-New.png 539w, http:\/\/7telcompany.pl\/wp-content\/uploads\/2025\/08\/CTA-Home-page-New-300x300.png 300w, http:\/\/7telcompany.pl\/wp-content\/uploads\/2025\/08\/CTA-Home-page-New-150x150.png 150w\" sizes=\"(max-width: 539px) 100vw, 539px\" \/>\t\t\t\t\t\t\t\t\t\t\t\t\t\t\t<\/div>\n\t\t\t\t<\/div>\n\t\t\t\t\t<\/div>\n\t\t\t\t<\/div>\n\t\t\t\t<\/div>\n\t\t","protected":false},"excerpt":{"rendered":"<p>Wspieramy Sprzeda\u017c W 7TEL COMPANY \u0142\u0105czymy innowacj\u0119 i profesjonalizm, aby wspiera\u0107 firmy telekomunikacyjne w osi\u0105ganiu sukces\u00f3w sprzeda\u017cowych i budowaniu trwa\u0142ych relacji z klientami. Nasze strategie, szkolenia i analizy rynku zwi\u0119kszaj\u0105 efektywno\u015b\u0107 i daj\u0105 przewag\u0119 konkurencyjn\u0105. Do\u0142\u0105cz do nas \u2013 jako partner lub ambitny handlowiec \u2013 i tw\u00f3rzmy razem przysz\u0142o\u015b\u0107 bran\u017cy! Outsourcing sprzeda\u017cy Przejmujemy procesy sprzeda\u017cy, [&hellip;]<\/p>\n","protected":false},"author":1,"featured_media":172,"parent":0,"menu_order":0,"comment_status":"closed","ping_status":"closed","template":"","meta":{"content-type":"","footnotes":""},"class_list":["post-95","page","type-page","status-publish","has-post-thumbnail","hentry"],"_links":{"self":[{"href":"https:\/\/7telcompany.pl\/index.php?rest_route=\/wp\/v2\/pages\/95","targetHints":{"allow":["GET"]}}],"collection":[{"href":"https:\/\/7telcompany.pl\/index.php?rest_route=\/wp\/v2\/pages"}],"about":[{"href":"https:\/\/7telcompany.pl\/index.php?rest_route=\/wp\/v2\/types\/page"}],"author":[{"embeddable":true,"href":"https:\/\/7telcompany.pl\/index.php?rest_route=\/wp\/v2\/users\/1"}],"replies":[{"embeddable":true,"href":"https:\/\/7telcompany.pl\/index.php?rest_route=%2Fwp%2Fv2%2Fcomments&post=95"}],"version-history":[{"count":112,"href":"https:\/\/7telcompany.pl\/index.php?rest_route=\/wp\/v2\/pages\/95\/revisions"}],"predecessor-version":[{"id":461,"href":"https:\/\/7telcompany.pl\/index.php?rest_route=\/wp\/v2\/pages\/95\/revisions\/461"}],"wp:featuredmedia":[{"embeddable":true,"href":"https:\/\/7telcompany.pl\/index.php?rest_route=\/wp\/v2\/media\/172"}],"wp:attachment":[{"href":"https:\/\/7telcompany.pl\/index.php?rest_route=%2Fwp%2Fv2%2Fmedia&parent=95"}],"curies":[{"name":"wp","href":"https:\/\/api.w.org\/{rel}","templated":true}]}}