{"id":122,"date":"2025-08-13T13:06:47","date_gmt":"2025-08-13T11:06:47","guid":{"rendered":"https:\/\/7telcompany.pl\/?page_id=122"},"modified":"2025-08-13T18:32:29","modified_gmt":"2025-08-13T16:32:29","slug":"about","status":"publish","type":"page","link":"https:\/\/7telcompany.pl\/?page_id=122","title":{"rendered":"O nas"},"content":{"rendered":"\t\t<div data-elementor-type=\"wp-page\" data-elementor-id=\"122\" class=\"elementor elementor-122\">\n\t\t\t\t<div class=\"elementor-element elementor-element-62515ae2 e-flex e-con-boxed e-con e-parent\" data-id=\"62515ae2\" data-element_type=\"container\" data-settings=\"{&quot;background_background&quot;:&quot;gradient&quot;,&quot;shape_divider_bottom&quot;:&quot;waves&quot;}\">\n\t\t\t\t\t<div class=\"e-con-inner\">\n\t\t\t\t<div class=\"elementor-shape elementor-shape-bottom\" aria-hidden=\"true\" data-negative=\"false\">\n\t\t\t<svg xmlns=\"http:\/\/www.w3.org\/2000\/svg\" viewBox=\"0 0 1000 100\" preserveAspectRatio=\"none\">\n\t<path class=\"elementor-shape-fill\" d=\"M421.9,6.5c22.6-2.5,51.5,0.4,75.5,5.3c23.6,4.9,70.9,23.5,100.5,35.7c75.8,32.2,133.7,44.5,192.6,49.7\n\tc23.6,2.1,48.7,3.5,103.4-2.5c54.7-6,106.2-25.6,106.2-25.6V0H0v30.3c0,0,72,32.6,158.4,30.5c39.2-0.7,92.8-6.7,134-22.4\n\tc21.2-8.1,52.2-18.2,79.7-24.2C399.3,7.9,411.6,7.5,421.9,6.5z\"\/>\n<\/svg>\t\t<\/div>\n\t\t\t\t<div class=\"elementor-element elementor-element-56534afb elementor-widget elementor-widget-heading\" data-id=\"56534afb\" data-element_type=\"widget\" data-widget_type=\"heading.default\">\n\t\t\t\t\t<h1 class=\"elementor-heading-title elementor-size-default\">O nas<\/h1>\t\t\t\t<\/div>\n\t\t\t\t<div class=\"elementor-element elementor-element-769a19d4 elementor-invisible elementor-widget elementor-widget-heading\" data-id=\"769a19d4\" data-element_type=\"widget\" data-settings=\"{&quot;_animation&quot;:&quot;fadeIn&quot;}\" data-widget_type=\"heading.default\">\n\t\t\t\t\t<h3 class=\"elementor-heading-title elementor-size-default\"><p dir=\"auto\">\u201eNap\u0119dzamy sukces w telekomunikacji\u201d<\/p><\/h3>\t\t\t\t<\/div>\n\t\t\t\t\t<\/div>\n\t\t\t\t<\/div>\n\t\t<div class=\"elementor-element elementor-element-2fbdaf82 e-con-full e-flex e-con e-parent\" data-id=\"2fbdaf82\" data-element_type=\"container\">\n\t\t\t\t<div class=\"elementor-element elementor-element-3679c963 elementor-invisible elementor-widget elementor-widget-zigzag\" data-id=\"3679c963\" data-element_type=\"widget\" data-settings=\"{&quot;_animation&quot;:&quot;fadeIn&quot;,&quot;image_shape&quot;:&quot;sharp&quot;}\" data-widget_type=\"zigzag.default\">\n\t\t\t\t<div class=\"elementor-widget-container\">\n\t\t\t\t\t\t\t<div class=\"ehp-zigzag has-direction-start\">\n\t\t\t\t\t\t\t<div class=\"ehp-zigzag__item-wrapper\">\n\t\t\t\t\t<div class=\"ehp-zigzag__item-container\">\n\t\t\t\t\t\t\t\t<div class=\"ehp-zigzag__graphic-element-container has-image\">\n\t\t\t\t\t\t<div class=\"ehp-image ehp-zigzag__image-container\">\n\t\t\t\t<img decoding=\"async\" class=\"ehp-image__img ehp-zigzag__img has-shape-sharp shape-type-image\" src=\"https:\/\/7telcompany.pl\/wp-content\/uploads\/2025\/08\/Post-1.png\" title=\"Post-1.png\" alt=\"Post-1.png\" loading=\"lazy\" \/>\t\t\t<\/div>\n\t\t\t\t\t<\/div>\n\t\t\t\t<div class=\"ehp-zigzag__text-container is-graphic-image\">\n\t\t\t<h2 class=\"ehp-zigzag__title\">Dlaczego My<\/h2><p class=\"ehp-zigzag__description\">W 7TEL COMPANY nap\u0119dzamy sukces w bran\u017cy telekomunikacyjnej dzi\u0119ki innowacji, profesjonalizmowi i pasji do sprzeda\u017cy. Od lat wspieramy firmy telekomunikacyjne w osi\u0105ganiu ich cel\u00f3w biznesowych, dostarczaj\u0105c skuteczne strategie sprzeda\u017cy, zaawansowane analizy rynku i rozwi\u0105zania zwi\u0119kszaj\u0105ce efektywno\u015b\u0107. Nasza misja to budowanie trwa\u0142ego partnerstwa, kt\u00f3re przynosi wymierne korzy\u015bci naszym klientom i ich zespo\u0142om.<\/p>\t\t<div class=\"ehp-zigzag__button-container\">\n\t\t\t<a class=\"ehp-button ehp-button--primary ehp-zigzag__button ehp-zigzag__button--primary is-type-link\" href=\"https:\/\/library.elementor.com\/marketing-digital-agency-hp\/about\/\">\n\t\t\t\t<svg aria-hidden=\"true\" class=\"ehp-button__icon e-font-icon-svg e-fas-arrow-right\" 0=\"ehp-zigzag__button-icon\" viewBox=\"0 0 448 512\" xmlns=\"http:\/\/www.w3.org\/2000\/svg\"><path d=\"M190.5 66.9l22.2-22.2c9.4-9.4 24.6-9.4 33.9 0L441 239c9.4 9.4 9.4 24.6 0 33.9L246.6 467.3c-9.4 9.4-24.6 9.4-33.9 0l-22.2-22.2c-9.5-9.5-9.3-25 .4-34.3L311.4 296H24c-13.3 0-24-10.7-24-24v-32c0-13.3 10.7-24 24-24h287.4L190.9 101.2c-9.8-9.3-10-24.8-.4-34.3z\"><\/path><\/svg><span class=\"ehp-zigzag__button-text\">Learn More<\/span>\t\t\t\t\t<\/a>\n\t\t<\/div>\n\t\t\t\t<\/div>\n\t\t\t\t\t\t\t<\/div>\n\t\t\t\t<\/div>\n\t\t\t\t\t\t\t\t<div class=\"ehp-zigzag__item-wrapper\">\n\t\t\t\t\t<div class=\"ehp-zigzag__item-container\">\n\t\t\t\t\t\t\t\t<div class=\"ehp-zigzag__graphic-element-container has-image\">\n\t\t\t\t\t\t<div class=\"ehp-image ehp-zigzag__image-container ehp-image ehp-zigzag__image-container\">\n\t\t\t\t<img decoding=\"async\" class=\"ehp-image__img ehp-zigzag__img has-shape-sharp shape-type-image\" src=\"https:\/\/7telcompany.pl\/wp-content\/uploads\/2025\/08\/About-Page-intro-pic.png\" title=\"About-Page-intro-pic.png\" alt=\"About-Page-intro-pic.png\" loading=\"lazy\" \/>\t\t\t<\/div>\n\t\t\t\t\t<\/div>\n\t\t\t\t<div class=\"ehp-zigzag__text-container is-graphic-image\">\n\t\t\t<h2 class=\"ehp-zigzag__title\">Stawiamy na tw\u00f3j rozw\u00f3j<\/h2><p class=\"ehp-zigzag__description\">W 7TEL COMPANY stawiamy tak\u017ce na rozw\u00f3j. Oferujemy ambitnym handlowcom indywidualne programy mentoringowe i szkolenia, kt\u00f3re pozwalaj\u0105 im doskonali\u0107 umiej\u0119tno\u015bci i osi\u0105ga\u0107 sukcesy w dynamicznej bran\u017cy telekomunikacyjnej. Wierzymy, \u017ce pasja i odwaga s\u0105 kluczem do prze\u0142amywania barier, dlatego inspirujemy si\u0119 s\u0142owami Elona Muska, CEO Tesla, SpaceX i xAI:\n\u201eKiedy co\u015b jest wystarczaj\u0105co wa\u017cne, robisz to, nawet je\u015bli szanse nie s\u0105 na Twoj\u0105 korzy\u015b\u0107.\u201d<\/p>\t\t<\/div>\n\t\t\t\t\t\t\t<\/div>\n\t\t\t\t<\/div>\n\t\t\t\t\t\t\t<\/div>\n\t\t\t\t\t\t<\/div>\n\t\t\t\t<\/div>\n\t\t\t\t<\/div>\n\t\t<div class=\"elementor-element elementor-element-6cba22cb e-flex e-con-boxed e-con e-parent\" data-id=\"6cba22cb\" data-element_type=\"container\" data-settings=\"{&quot;background_background&quot;:&quot;classic&quot;}\">\n\t\t\t\t\t<div class=\"e-con-inner\">\n\t\t<div class=\"elementor-element elementor-element-3d4a5c8f e-con-full e-flex e-con e-child\" data-id=\"3d4a5c8f\" data-element_type=\"container\" data-settings=\"{&quot;background_background&quot;:&quot;classic&quot;}\">\n\t\t<div class=\"elementor-element elementor-element-378438a4 e-con-full e-flex elementor-invisible e-con e-child\" data-id=\"378438a4\" data-element_type=\"container\" data-settings=\"{&quot;background_background&quot;:&quot;classic&quot;,&quot;animation&quot;:&quot;bounce&quot;}\">\n\t\t\t\t<div class=\"elementor-element elementor-element-6fc668dc elementor-widget elementor-widget-heading\" data-id=\"6fc668dc\" data-element_type=\"widget\" data-widget_type=\"heading.default\">\n\t\t\t\t\t<h4 class=\"elementor-heading-title elementor-size-default\">Do\u015bwiadczenie<\/h4>\t\t\t\t<\/div>\n\t\t\t\t<div class=\"elementor-element elementor-element-3f0c8e12 elementor-widget elementor-widget-text-editor\" data-id=\"3f0c8e12\" data-element_type=\"widget\" data-widget_type=\"text-editor.default\">\n\t\t\t\t\t\t\t\t\t<p>Mamy ponad 17 lat do\u015bwiadczenia w sprzeda\u017cy w bran\u017cy telekomunikacyjnej<\/p>\t\t\t\t\t\t\t\t<\/div>\n\t\t\t\t<\/div>\n\t\t<div class=\"elementor-element elementor-element-3ff9cae2 e-con-full e-flex elementor-invisible e-con e-child\" data-id=\"3ff9cae2\" data-element_type=\"container\" data-settings=\"{&quot;background_background&quot;:&quot;classic&quot;,&quot;animation&quot;:&quot;bounce&quot;}\">\n\t\t\t\t<div class=\"elementor-element elementor-element-78e3c2a elementor-widget elementor-widget-heading\" data-id=\"78e3c2a\" data-element_type=\"widget\" data-widget_type=\"heading.default\">\n\t\t\t\t\t<h4 class=\"elementor-heading-title elementor-size-default\">Rozw\u00f3j<\/h4>\t\t\t\t<\/div>\n\t\t\t\t<div class=\"elementor-element elementor-element-47ee16f4 elementor-widget elementor-widget-text-editor\" data-id=\"47ee16f4\" data-element_type=\"widget\" data-widget_type=\"text-editor.default\">\n\t\t\t\t\t\t\t\t\t<p>Nieustannie d\u0105\u017cymy do rozwoju naszych zespo\u0142\u00f3w sprzeda\u017cowych<\/p>\t\t\t\t\t\t\t\t<\/div>\n\t\t\t\t<\/div>\n\t\t<div class=\"elementor-element elementor-element-2dea6a50 e-con-full e-flex elementor-invisible e-con e-child\" data-id=\"2dea6a50\" data-element_type=\"container\" data-settings=\"{&quot;background_background&quot;:&quot;classic&quot;,&quot;animation&quot;:&quot;bounce&quot;}\">\n\t\t\t\t<div class=\"elementor-element elementor-element-20764473 elementor-widget elementor-widget-heading\" data-id=\"20764473\" data-element_type=\"widget\" data-widget_type=\"heading.default\">\n\t\t\t\t\t<h4 class=\"elementor-heading-title elementor-size-default\">Zaanga\u017cowanie<\/h4>\t\t\t\t<\/div>\n\t\t\t\t<div class=\"elementor-element elementor-element-55de1491 elementor-widget elementor-widget-text-editor\" data-id=\"55de1491\" data-element_type=\"widget\" data-widget_type=\"text-editor.default\">\n\t\t\t\t\t\t\t\t\t<p>Nasze zaanga\u017cowanie prze\u0142o\u017cy si\u0119 na tw\u00f3j sukces w sprzeda\u017cy\u00a0<\/p>\t\t\t\t\t\t\t\t<\/div>\n\t\t\t\t<\/div>\n\t\t<div class=\"elementor-element elementor-element-69cbe32a e-con-full e-flex elementor-invisible e-con e-child\" data-id=\"69cbe32a\" data-element_type=\"container\" data-settings=\"{&quot;background_background&quot;:&quot;classic&quot;,&quot;animation&quot;:&quot;bounce&quot;}\">\n\t\t\t\t<div class=\"elementor-element elementor-element-5932f65e elementor-widget elementor-widget-heading\" data-id=\"5932f65e\" data-element_type=\"widget\" data-widget_type=\"heading.default\">\n\t\t\t\t\t<h4 class=\"elementor-heading-title elementor-size-default\">Nowoczesne podej\u015bcie<\/h4>\t\t\t\t<\/div>\n\t\t\t\t<div class=\"elementor-element elementor-element-4744fe05 elementor-widget elementor-widget-text-editor\" data-id=\"4744fe05\" data-element_type=\"widget\" data-widget_type=\"text-editor.default\">\n\t\t\t\t\t\t\t\t\t<p>Mamy rozwi\u0105zania kt\u00f3re wyprzedzaj\u0105 konkurencj\u0119<\/p>\t\t\t\t\t\t\t\t<\/div>\n\t\t\t\t<\/div>\n\t\t\t\t<\/div>\n\t\t<div class=\"elementor-element elementor-element-41ce0168 e-con-full e-flex e-con e-child\" data-id=\"41ce0168\" data-element_type=\"container\">\n\t\t\t\t<\/div>\n\t\t\t\t<div class=\"elementor-element elementor-element-10580cdd elementor-widget__width-inherit elementor-widget elementor-widget-menu-anchor\" data-id=\"10580cdd\" data-element_type=\"widget\" data-widget_type=\"menu-anchor.default\">\n\t\t\t\t\t\t\t<div class=\"elementor-menu-anchor\" id=\"team\"><\/div>\n\t\t\t\t\t\t<\/div>\n\t\t\t\t\t<\/div>\n\t\t\t\t<\/div>\n\t\t\t\t<\/div>\n\t\t","protected":false},"excerpt":{"rendered":"<p>O nas \u201eNap\u0119dzamy sukces w telekomunikacji\u201d Dlaczego My W 7TEL COMPANY nap\u0119dzamy sukces w bran\u017cy telekomunikacyjnej dzi\u0119ki innowacji, profesjonalizmowi i pasji do sprzeda\u017cy. Od lat wspieramy firmy telekomunikacyjne w osi\u0105ganiu ich cel\u00f3w biznesowych, dostarczaj\u0105c skuteczne strategie sprzeda\u017cy, zaawansowane analizy rynku i rozwi\u0105zania zwi\u0119kszaj\u0105ce efektywno\u015b\u0107. Nasza misja to budowanie trwa\u0142ego partnerstwa, kt\u00f3re przynosi wymierne korzy\u015bci naszym [&hellip;]<\/p>\n","protected":false},"author":1,"featured_media":0,"parent":0,"menu_order":0,"comment_status":"closed","ping_status":"closed","template":"elementor_header_footer","meta":{"content-type":"","footnotes":""},"class_list":["post-122","page","type-page","status-publish","hentry"],"_links":{"self":[{"href":"https:\/\/7telcompany.pl\/index.php?rest_route=\/wp\/v2\/pages\/122","targetHints":{"allow":["GET"]}}],"collection":[{"href":"https:\/\/7telcompany.pl\/index.php?rest_route=\/wp\/v2\/pages"}],"about":[{"href":"https:\/\/7telcompany.pl\/index.php?rest_route=\/wp\/v2\/types\/page"}],"author":[{"embeddable":true,"href":"https:\/\/7telcompany.pl\/index.php?rest_route=\/wp\/v2\/users\/1"}],"replies":[{"embeddable":true,"href":"https:\/\/7telcompany.pl\/index.php?rest_route=%2Fwp%2Fv2%2Fcomments&post=122"}],"version-history":[{"count":16,"href":"https:\/\/7telcompany.pl\/index.php?rest_route=\/wp\/v2\/pages\/122\/revisions"}],"predecessor-version":[{"id":469,"href":"https:\/\/7telcompany.pl\/index.php?rest_route=\/wp\/v2\/pages\/122\/revisions\/469"}],"wp:attachment":[{"href":"https:\/\/7telcompany.pl\/index.php?rest_route=%2Fwp%2Fv2%2Fmedia&parent=122"}],"curies":[{"name":"wp","href":"https:\/\/api.w.org\/{rel}","templated":true}]}}